{"id":3506,"date":"2023-04-18T01:17:18","date_gmt":"2023-04-18T01:17:18","guid":{"rendered":"https:\/\/dsalud.app\/cupones\/?post_type=product&#038;p=3506"},"modified":"2026-02-23T23:41:42","modified_gmt":"2026-02-24T05:41:42","slug":"dr-rigoberto-doroteo-alvarez-morales","status":"publish","type":"product","link":"https:\/\/dsalud.app\/cupones\/producto\/dr-rigoberto-doroteo-alvarez-morales\/","title":{"rendered":"DR. RIGOBERTO DOROTEO \u00c1LVAREZ MORALES"},"content":{"rendered":"<p><span style=\"color: #000000;\"><strong>GRACIAS POR PARTICIPAR EN EL PROGRAMA DE DSALUD CON CAUSA<\/strong><\/span><br \/>\n<span style=\"color: #000000;\">POR FAVOR SIGA BIEN LOS <strong>8 PASOS<\/strong> PARA PODER OBTENER LA CONSULTA GRATUITA CON EL ESPECIALISTA QUE SELECCION\u00d3.<\/span><\/p>\n<p><span style=\"color: #000000;\"><strong>1.-<\/strong> OBTENER CUP\u00d3N<\/span><br \/>\n<span style=\"color: #000000;\"><strong>2.-<\/strong> CONFIRMAR CUP\u00d3N<br \/>\n<\/span><span style=\"color: #000000;\"><strong>3.- <\/strong>REGISTRAR CUP\u00d3N<br \/>\n<strong>4.- <\/strong>SOLICITAR CUP\u00d3N<br \/>\n<strong>5.- <\/strong>DESCARGAR CUP\u00d3N (DAR CLICK EN EL NOMBRE DEL ESPECIALISTA DE LA BARRA AZUL, CHECAR EN SUS DESCARGAS O ARCHIVOS EL CUP\u00d3N CON EL C\u00d3DIGO)<strong><br \/>\n6.-<\/strong> CONTACTAR AL ESPECIALISTA QUE SELECCION\u00d3, DAR EL C\u00d3DIGO DE CONFIRMACI\u00d3N Y MENCIONAR EL PROGRAMA DE DSALUD CON CAUSA<\/span><br \/>\n<span style=\"color: #000000;\"><strong>7.-<\/strong> AGENDAR SU CITA<\/span><br \/>\n<span style=\"color: #000000;\"><strong>8.-<\/strong> PRESENTARSE A SU CITA Y ENSE\u00d1AR LA IMAGEN CON EL C\u00d3DIGO A SU ESPECIALISTA PARA HACER V\u00c1LIDA LA CONSULTA GRATUITA<\/span><\/p>\n<p><span style=\"color: #000000;\">RECUERDE <b style=\"color: #000000;\">LA CONSULTA GRATUITA ES PARA LA PERSONA QUE <\/b><b>REGISTR\u00d3<\/b><b style=\"color: #000000;\"> EN LA APP DSALUD,<\/b> EN EL FORMULARIO DEL PROGRAMA DSALUD CON CAUSA, NO ES TRANSFERIBLE, NO TIENE COSTO, Y NO SE PUEDE LUCRAR CON LA CONSULTA GRATUITA.<\/span><\/p>\n<hr \/>\n<p><span style=\"color: #000000;\">Recuerde \u201cUSUARIO\u201d de la aplicaci\u00f3n DSALUD, debe presentar al ESPECIALISTA LA IMAGEN CON EL C\u00d3DIGO.<\/span><br \/>\n<span style=\"color: #000000;\">que DESCARGA cuando solicita la consulta GRATUITA en el Espacio de DSALUD CON CAUSA en la App y debe AGENDAR SU CITA con anticipaci\u00f3n.<\/span><br \/>\n<span style=\"color: #000000;\">La Cita ser\u00e1 a disponibilidad de la Agenda del ESPECIALISTA.<\/span><br \/>\n<span style=\"color: #000000;\">El USUARIO al presentar la Imagen con el C\u00f3digo y el Mail de Confirmaci\u00f3n solicitado por el especialista* est\u00e1 cubriendo los HONORARIOS M\u00c9DICOS, SERVICIOS E INSUMOS que se GENEREN en la CONSULTA.<\/span><br \/>\n<span style=\"color: #000000;\">(Los Procedimientos quir\u00fargicos y materiales <strong>NO EST\u00c1N INCLUIDOS)<\/strong>.<\/span><br \/>\n<span style=\"color: #000000;\"><strong>*EL USUARIO NO PODR\u00c1 EXIGIR NING\u00daN COMPROBANTE FISCAL O RECIBO DE HONORARIOS AL ESPECIALISTA, YA QUE EL PROGRAMA DE DSALUD CON CAUSA ES SIN FINES DE LUCRO<\/strong><\/span><\/p>\n","protected":false},"excerpt":{"rendered":"<p>GRACIAS POR PARTICIPAR EN EL PROGRAMA DE DSALUD CON CAUSA POR FAVOR SIGA BIEN LOS 8 PASOS PARA PODER OBTENER LA CONSULTA GRATUITA CON EL ESPECIALISTA QUE SELECCION\u00d3. 1.- OBTENER CUP\u00d3N 2.- CONFIRMAR CUP\u00d3N 3.- REGISTRAR CUP\u00d3N 4.- SOLICITAR CUP\u00d3N 5.- DESCARGAR CUP\u00d3N (DAR CLICK EN EL NOMBRE DEL ESPECIALISTA DE LA BARRA AZUL, CHECAR &hellip;<\/p>\n<p class=\"read-more\"> <a class=\"\" href=\"https:\/\/dsalud.app\/cupones\/producto\/dr-rigoberto-doroteo-alvarez-morales\/\"> <span class=\"screen-reader-text\">DR. RIGOBERTO DOROTEO \u00c1LVAREZ MORALES<\/span> Leer m\u00e1s &raquo;<\/a><\/p>\n","protected":false},"featured_media":3468,"comment_status":"open","ping_status":"closed","template":"","meta":{"site-sidebar-layout":"default","site-content-layout":"default","ast-main-header-display":"","ast-hfb-above-header-display":"","ast-hfb-below-header-display":"","ast-hfb-mobile-header-display":"","site-post-title":"","ast-breadcrumbs-content":"","ast-featured-img":"","footer-sml-layout":"","theme-transparent-header-meta":"","adv-header-id-meta":"","stick-header-meta":"","header-above-stick-meta":"","header-main-stick-meta":"","header-below-stick-meta":""},"product_brand":[],"product_cat":[78],"product_tag":[],"class_list":{"0":"post-3506","1":"product","2":"type-product","3":"status-publish","4":"has-post-thumbnail","6":"product_cat-nefrologia","8":"first","9":"instock","10":"downloadable","11":"virtual","12":"sold-individually","13":"purchasable","14":"product-type-simple"},"_links":{"self":[{"href":"https:\/\/dsalud.app\/cupones\/wp-json\/wp\/v2\/product\/3506","targetHints":{"allow":["GET"]}}],"collection":[{"href":"https:\/\/dsalud.app\/cupones\/wp-json\/wp\/v2\/product"}],"about":[{"href":"https:\/\/dsalud.app\/cupones\/wp-json\/wp\/v2\/types\/product"}],"replies":[{"embeddable":true,"href":"https:\/\/dsalud.app\/cupones\/wp-json\/wp\/v2\/comments?post=3506"}],"version-history":[{"count":1,"href":"https:\/\/dsalud.app\/cupones\/wp-json\/wp\/v2\/product\/3506\/revisions"}],"predecessor-version":[{"id":3507,"href":"https:\/\/dsalud.app\/cupones\/wp-json\/wp\/v2\/product\/3506\/revisions\/3507"}],"wp:featuredmedia":[{"embeddable":true,"href":"https:\/\/dsalud.app\/cupones\/wp-json\/wp\/v2\/media\/3468"}],"wp:attachment":[{"href":"https:\/\/dsalud.app\/cupones\/wp-json\/wp\/v2\/media?parent=3506"}],"wp:term":[{"taxonomy":"product_brand","embeddable":true,"href":"https:\/\/dsalud.app\/cupones\/wp-json\/wp\/v2\/product_brand?post=3506"},{"taxonomy":"product_cat","embeddable":true,"href":"https:\/\/dsalud.app\/cupones\/wp-json\/wp\/v2\/product_cat?post=3506"},{"taxonomy":"product_tag","embeddable":true,"href":"https:\/\/dsalud.app\/cupones\/wp-json\/wp\/v2\/product_tag?post=3506"}],"curies":[{"name":"wp","href":"https:\/\/api.w.org\/{rel}","templated":true}]}}