{"id":3649,"date":"2023-08-14T17:09:16","date_gmt":"2023-08-14T17:09:16","guid":{"rendered":"https:\/\/dsalud.app\/cupones\/?page_id=3649"},"modified":"2023-08-14T17:09:19","modified_gmt":"2023-08-14T17:09:19","slug":"politica-de-privacidad","status":"publish","type":"page","link":"https:\/\/dsalud.app\/cupones\/politica-de-privacidad\/","title":{"rendered":"Pol\u00edtica de privacidad"},"content":{"rendered":"<h1 class=\"wp-block-heading\">DSALUD TU GU\u00cdA M\u00c9DICA aplicaci\u00f3n<\/h1><p>Esta aplicaci\u00f3n recoge algunos datos personales de sus usuarios.<\/p><p>Controlador de datos y propietario<br><br><strong>Tipos de datos recolectados<\/strong><br>Entre los tipos de datos personales que esta aplicaci\u00f3n recopila, por s\u00ed mismo o a trav\u00e9s de terceros, se encuentran: posici\u00f3n geogr\u00e1fica, datos de cookies y uso. Otros datos personales recopilados se pueden describir en otras secciones de esta pol\u00edtica de privacidad o mediante un texto de explicaci\u00f3n dedicado contextualmente con la recopilaci\u00f3n de datos. Los datos personales pueden ser proporcionados libremente por el usuario o recopilados autom\u00e1ticamente cuando se utiliza esta aplicaci\u00f3n. Cualquier uso de Cookies -o de otras herramientas de seguimiento- por esta Aplicaci\u00f3n o por los propietarios de servicios de terceros utilizados por esta Aplicaci\u00f3n, a menos que se indique lo contrario, sirve para identificar a los Usuarios y recordar sus preferencias, con el \u00fanico prop\u00f3sito de proporcionar el servicio requerido por el usuario. Si no se proporcionan ciertos datos personales, es posible que esta aplicaci\u00f3n no pueda brindar sus servicios. El Usuario asume la responsabilidad de los Datos Personales de terceros publicados o compartidos a trav\u00e9s de esta Aplicaci\u00f3n autorizados por los terceros (clientes denominados anunciantes)&nbsp;y declara tener el derecho de comunicarlos o transmitirlos, liberando as\u00ed al Controlador de Datos de toda responsabilidad.<\/p><p><strong>Modo y lugar de procesamiento de los datos<\/strong><br>M\u00e9todos de procesamiento<br>El Controlador de Datos procesa los Datos de los Usuarios de manera adecuada y tomar\u00e1 las medidas de seguridad adecuadas para evitar el acceso no autorizado, la divulgaci\u00f3n, la modificaci\u00f3n o la destrucci\u00f3n no autorizada de los Datos. El procesamiento de datos se lleva a cabo utilizando computadoras y \/ o herramientas habilitadas para TI, siguiendo los procedimientos de la organizaci\u00f3n y los modos estrictamente relacionados con los fines indicados. Adem\u00e1s del controlador de datos, en algunos casos, los datos pueden ser accesibles para ciertos tipos de personas a cargo, involucradas con el funcionamiento del sitio (administraci\u00f3n, ventas, marketing, legal, administraci\u00f3n de sistemas) o partes externas (como terceros). proveedores de servicios t\u00e9cnicos de parte, carteros, proveedores de hosting, compa\u00f1\u00edas de TI, agencias de comunicaci\u00f3n) nombrados, si es necesario, como Procesadores de Datos por el Propietario. La lista actualizada de estas partes puede solicitarse al Controlador de datos en cualquier momento.<\/p><p><br>Lugar<br>Los datos se procesan en las oficinas de operaci\u00f3n del controlador de datos y en cualquier otro lugar donde se encuentren las partes involucradas en el procesamiento. Para obtener m\u00e1s informaci\u00f3n, p\u00f3ngase en contacto con el controlador de datos.<\/p><p>Tiempo de retenci\u00f3n<br>Los Datos se conservan durante el tiempo necesario para proporcionar el servicio solicitado por el Usuario, o establecidos por los fines descritos en este documento, y el Usuario siempre puede solicitar que el Controlador de Datos suspenda o elimine los datos.<\/p><p>El uso de los datos recopilados<br>Los datos relativos al usuario se recopilan para permitir que la aplicaci\u00f3n proporcione sus servicios, as\u00ed como para los siguientes prop\u00f3sitos: acceso a cuentas de servicios de terceros, interacciones basadas en ubicaci\u00f3n, comentarios de contenido e interacci\u00f3n con plataformas y redes sociales externas. Los datos personales utilizados para cada fin se describen en las secciones espec\u00edficas de este documento.<\/p><p>Permisos de Facebook solicitados por esta aplicaci\u00f3n<br>Esta Aplicaci\u00f3n puede solicitar algunos permisos de Facebook que le permitan realizar acciones con la cuenta de Facebook del Usuario y recuperar de ella informaci\u00f3n, incluidos Datos Personales. Para obtener m\u00e1s informaci\u00f3n sobre los siguientes permisos, consulte la documentaci\u00f3n de permisos de Facebook y la pol\u00edtica de privacidad de Facebook. Los permisos solicitados son los siguientes:<\/p><p>Informaci\u00f3n b\u00e1sica<br>De forma predeterminada, esto incluye ciertos datos del usuario, como id, nombre, imagen, g\u00e9nero y su configuraci\u00f3n regional. Ciertas conexiones del usuario, como Friends, tambi\u00e9n est\u00e1n disponibles. Si el usuario ha hecho m\u00e1s p\u00fablicos sus datos, habr\u00e1 m\u00e1s informaci\u00f3n disponible.<\/p><p>Checkins<br>Proporciona acceso de lectura a los check-ins del usuario autorizado<\/p><p>Email<br>Proporciona acceso a la direcci\u00f3n de correo electr\u00f3nico principal del usuario<\/p><p>Me Gusta<br>Proporciona acceso a la lista de todas las p\u00e1ginas que le han gustado al usuario.<\/p><p>Fotos<br>Proporciona acceso a las fotos que el usuario ha cargado y a las fotos que el usuario ha etiquetado.<\/p><p><strong>Publicar actividad de la aplicaci\u00f3n<\/strong><br>Permite que la aplicaci\u00f3n publique en Open Graph usando acciones integradas, logros, puntajes o acciones personalizadas. La aplicaci\u00f3n tambi\u00e9n puede publicar otra actividad que se detalla en el documento Permisos de publicaci\u00f3n de Facebook.<\/p><p><strong>Informaci\u00f3n detallada sobre el procesamiento de datos personales<\/strong><br>Los datos personales se recopilan para los siguientes prop\u00f3sitos y utilizando los siguientes servicios:<\/p><p><strong>Acceso a cuentas de servicios de terceros<\/strong><br>Estos servicios le permiten a esta Aplicaci\u00f3n acceder a los Datos de su cuenta en un servicio de terceros y realizar acciones con ellos. Estos servicios no se activan autom\u00e1ticamente, sino que requieren una autorizaci\u00f3n expl\u00edcita del usuario.<br>Acceso a la cuenta de Facebook (esta aplicaci\u00f3n)<br>Este servicio permite que esta aplicaci\u00f3n se conecte con la cuenta del usuario en la red social Facebook, proporcionada por Facebook Inc. Permisos solicitados: Checkins, correo electr\u00f3nico, me gusta, fotos y publicar actividad de la aplicaci\u00f3n. Lugar de procesamiento: EE. UU. &#8211; Pol\u00edtica de privacidad<\/p><p><strong>Contenido comentando<\/strong><br>Los servicios de comentarios de contenido permiten a los usuarios crear y publicar sus comentarios sobre el contenido de esta Aplicaci\u00f3n. Dependiendo de la configuraci\u00f3n elegida por el propietario, los usuarios tambi\u00e9n pueden dejar comentarios an\u00f3nimos. Si hay una direcci\u00f3n de correo electr\u00f3nico entre los Datos personales proporcionados por el Usuario, se puede utilizar para enviar notificaciones de comentarios sobre el mismo contenido. Los usuarios son responsables del contenido de sus propios comentarios. Si se instala un servicio de comentarios de contenido proporcionado por terceros, a\u00fan puede recopilar datos de tr\u00e1fico web para las p\u00e1ginas donde est\u00e1 instalado el servicio de comentarios, incluso cuando los usuarios no usan el servicio de comentarios de contenido.<br>Comentarios de Facebook (Facebook)<br>Facebook Comments es un servicio de comentarios de contenido proporcionado por Facebook Inc. que permite al usuario dejar comentarios y compartirlos en la plataforma de Facebook. Datos personales recopilados: Datos de cookies y uso. Lugar de procesamiento: EE. UU. &#8211; Pol\u00edtica de privacidad<\/p><p><strong>Interacci\u00f3n con redes sociales externas y plataformas<\/strong><br>Estos servicios permiten la interacci\u00f3n con redes sociales u otras plataformas externas directamente desde las p\u00e1ginas de esta Aplicaci\u00f3n. La interacci\u00f3n y la informaci\u00f3n obtenida por esta Aplicaci\u00f3n siempre est\u00e1n sujetas a la configuraci\u00f3n de privacidad del Usuario para cada red social. Si se instala un servicio que permite la interacci\u00f3n con redes sociales, a\u00fan puede recopilar datos de tr\u00e1fico para las p\u00e1ginas donde est\u00e1 instalado el servicio, incluso cuando los usuarios no lo utilicen.<br>Bot\u00f3n Me gusta de Facebook y widgets sociales (Facebook)<br>El bot\u00f3n Me gusta de Facebook y los widgets sociales son servicios que permiten la interacci\u00f3n con la red social de Facebook proporcionada por Facebook Inc. Datos personales recopilados: Datos de cookies y uso. Lugar de procesamiento: EE. UU. &#8211; Pol\u00edtica de privacidad<\/p><p><strong>Interacciones basadas en la ubicaci\u00f3n<\/strong><br>Geolocalizaci\u00f3n (esta aplicaci\u00f3n)<br>Esta aplicaci\u00f3n puede recopilar, usar y compartir datos de ubicaci\u00f3n del usuario para proporcionar servicios basados \u200b\u200ben la ubicaci\u00f3n. La mayor\u00eda de los navegadores y dispositivos proporcionan herramientas para inhabilitar esta funci\u00f3n de manera predeterminada. Si se ha proporcionado una autorizaci\u00f3n expl\u00edcita, la aplicaci\u00f3n puede rastrear los datos de ubicaci\u00f3n del usuario. Datos personales recopilados: posici\u00f3n geogr\u00e1fica.<\/p><p><strong>Informaci\u00f3n adicional sobre la recopilaci\u00f3n y el procesamiento de datos<\/strong><br>Accion legal<br>Los Datos Personales del Usuario pueden ser utilizados con fines legales por el Controlador de Datos, en el Tribunal o en las etapas que conducen a posibles acciones legales derivadas del uso indebido de esta Aplicaci\u00f3n o los servicios relacionados.<br>El Usuario es consciente del hecho de que es posible que el Controlador de Datos deba revelar datos personales a petici\u00f3n de las autoridades p\u00fablicas.<\/p><p><strong>Informaci\u00f3n adicional sobre los datos personales del usuario<\/strong><br>Adem\u00e1s de la informaci\u00f3n contenida en esta pol\u00edtica de privacidad, esta Aplicaci\u00f3n puede proporcionarle al Usuario informaci\u00f3n adicional y contextual sobre servicios particulares o la recopilaci\u00f3n y procesamiento de Datos Personales a pedido.<\/p><p>Registros del sistema y mantenimiento<br>Para fines de operaci\u00f3n y mantenimiento, esta Aplicaci\u00f3n y los servicios de terceros pueden recopilar archivos que registran la interacci\u00f3n con esta Aplicaci\u00f3n (Registros del sistema) o utilizar para este prop\u00f3sito otros Datos personales (como la Direcci\u00f3n IP).<\/p><p>Informaci\u00f3n no incluida en esta pol\u00edtica<br>Se pueden solicitar m\u00e1s detalles sobre la recopilaci\u00f3n o el procesamiento de Datos Personales desde el Controlador de Datos en cualquier momento. Por favor, consulte la informaci\u00f3n de contacto al comienzo de este documento.<\/p><p>Los derechos de los usuarios<br>Los usuarios tienen derecho, en cualquier momento, a saber si sus datos personales han sido almacenados y pueden consultar el controlador de datos para conocer sus contenidos y origen, verificar su exactitud o solicitar que se completen, cancelen, actualicen o corrijan. , o para su transformaci\u00f3n en formato an\u00f3nimo o para bloquear cualquier informaci\u00f3n que se tenga en violaci\u00f3n de la ley, as\u00ed como para oponerse a su tratamiento por cualquier raz\u00f3n leg\u00edtima. Las solicitudes deben enviarse al Controlador de datos a la informaci\u00f3n de contacto establecida anteriormente.<br>Esta aplicaci\u00f3n no admite solicitudes de \u00abNo rastrear\u00bb.<br>Para determinar si alguno de los servicios de terceros que utiliza cumple con las solicitudes de \u00abNo rastrear\u00bb, lea sus pol\u00edticas de privacidad.<\/p><p>Cambios a esta pol\u00edtica de privacidad<br>El Controlador de Datos se reserva el derecho de realizar cambios a esta pol\u00edtica de privacidad en cualquier momento mediante notificaci\u00f3n a sus Usuarios en esta p\u00e1gina. Se recomienda encarecidamente que consulte esta p\u00e1gina a menudo, en referencia a la fecha de la \u00faltima modificaci\u00f3n que figura en la parte inferior. Si un Usuario se opone a cualquiera de los cambios a la Pol\u00edtica, el Usuario debe dejar de usar esta Aplicaci\u00f3n y puede solicitar que el Controlador de Datos elimine los Datos Personales. A menos que se indique lo contrario, la pol\u00edtica de privacidad vigente en ese momento se aplica a todos los Datos Personales que el Controlador de Datos tenga sobre los Usuarios.<\/p><p>Definiciones y referencias legales<br>Datos personales (o datos)<br>Cualquier informaci\u00f3n sobre una persona f\u00edsica, una persona jur\u00eddica, una instituci\u00f3n o una asociaci\u00f3n, que se identifica o se puede identificar, incluso indirectamente, mediante referencia a cualquier otra informaci\u00f3n, incluido un n\u00famero de identificaci\u00f3n personal.<\/p><p>Datos de uso<br>Informaci\u00f3n recopilada autom\u00e1ticamente de esta Aplicaci\u00f3n (o servicios de terceros empleados en esta Aplicaci\u00f3n), que puede incluir: las direcciones IP o nombres de dominio de las computadoras utilizadas por los Usuarios que usan esta Aplicaci\u00f3n, las direcciones URI (Identificador Uniforme de Recursos), el tiempo de la solicitud, el m\u00e9todo utilizado para enviar la solicitud al servidor, el tama\u00f1o del archivo recibido en respuesta, el c\u00f3digo num\u00e9rico que indica el estado de la respuesta del servidor (resultado exitoso, error, etc.), el pa\u00eds de origen, el caracter\u00edsticas del navegador y del sistema operativo utilizado por el Usuario, los diversos detalles de tiempo por visita (por ejemplo, el tiempo dedicado a cada p\u00e1gina dentro de la Aplicaci\u00f3n) y los detalles sobre la ruta seguida dentro de la Aplicaci\u00f3n con referencia especial a la secuencia de p\u00e1ginas visitado, y otros par\u00e1metros sobre el sistema operativo del dispositivo y \/ o el entorno de TI del usuario.<\/p><p>Usuario<br>El individuo que usa esta Aplicaci\u00f3n, que debe coincidir o ser autorizado por el Sujeto de Datos, a quien se refieren los Datos Personales.<\/p><p>Sujeto de datos<br>La persona f\u00edsica o jur\u00eddica a quien se refieren los datos personales.<\/p><p>Procesador de Datos (o Supervisor de Datos)<br>La persona f\u00edsica, persona jur\u00eddica, administraci\u00f3n p\u00fablica o cualquier otro organismo, asociaci\u00f3n u organizaci\u00f3n autorizada por el Controlador de Datos para procesar los Datos Personales de conformidad con esta pol\u00edtica de privacidad.<\/p><p>Controlador de datos (o propietario)<br>La persona f\u00edsica, persona jur\u00eddica, administraci\u00f3n p\u00fablica o cualquier otro organismo, asociaci\u00f3n u organizaci\u00f3n con derecho, tambi\u00e9n conjuntamente con otro Controlador de Datos, para tomar decisiones con respecto a los prop\u00f3sitos, y los m\u00e9todos de procesamiento de los Datos Personales y los medios utilizados, incluido el medidas de seguridad concernientes al funcionamiento y uso de esta Aplicaci\u00f3n. El controlador de datos, a menos que se especifique lo contrario, es el propietario de esta aplicaci\u00f3n.<\/p><p>Esta aplicaci\u00f3n<br>La herramienta de hardware o software por la que se recopilan los datos personales del usuario.<\/p><p>Cookies<br>Una peque\u00f1a porci\u00f3n de informaci\u00f3n almacenada en el dispositivo del usuario.<\/p><p>Informaci\u00f3n legal<br>Aviso para los usuarios europeos: esta declaraci\u00f3n de privacidad se ha preparado en cumplimiento de las obligaciones establecidas en el art. 10 de la Directiva de la CE n. 95\/46 \/ CE, y en virtud de las disposiciones de la Directiva 2002\/58 \/ CE, revisada por la Directiva 2009\/136 \/ CE, sobre el tema de Cookies. Esta pol\u00edtica de privacidad se relaciona \u00fanicamente con esta Aplicaci\u00f3n.<\/p><hr class=\"wp-block-separator has-alpha-channel-opacity\"\/><h1 class=\"wp-block-heading\">Extended&nbsp;policy&nbsp;concerning the application of the European GDPR.<\/h1><p><strong>In accordance with the obligations of the<\/strong>&nbsp;<em>Regulation (EU) 2016\/679 of the European Parliament and of the Council of 27 April 2016 on the protection of natural persons with regard to the processing of personal data and on the free movement of such data, and repealing Directive 95\/46\/EC (General Data Protection Regulation) (Text with EEA relevance)<\/em><\/p><h1 class=\"wp-block-heading\">Data processor<\/h1><p><strong>Juan Fernando flores cocuyo<\/strong>&nbsp;does not own any of the client data stored or processed via the service&nbsp;<strong>Iguana70 Movil<\/strong>.<\/p><p><strong>Juan Fernando flores cocuyo<\/strong>&nbsp;is not responsible for the content of the personal data contained in the client data or other information stored on its servers.<\/p><p>At the discretion of the client or user nor is&nbsp;<strong>Juan Fernando flores cocuyo<\/strong>&nbsp;responsible for the manner in which the client or user collects, handles disclosure, distributes or otherwise processes such information.<\/p><h1 class=\"wp-block-heading\">Contact to access, correct, delete any data information<\/h1><p><strong>Juan Fernando flores cocuyo<br>Santa Luc\u00eda 9<br>Fraccionamiento colinas de santa fe<br>91808<br>Veracruz, Ver<br>MX<br>229 978 2798<br>Email de contacto: iguanizate70@gmail.com<\/strong><\/p><h1 class=\"wp-block-heading\">Your choices<\/h1><h2 class=\"wp-block-heading\">Access, Correction, Deletion&nbsp;<\/h2><p>We respect your privacy rights and provide you with reasonable access to the Personal Data that you may have provided through your use of the Services.<\/p><p>If you wish to access or amend any other Personal Data we hold about you or to request that we delete any information about you that we have obtained from an Integrated Service, you may contact us.<\/p><p>At your request we will have any reference to you deleted or blocked in our database.<\/p><p>You may update, correct, or delete your Account information and preferences at any time by accessing your Account settings page on the Service.<br>Please note that while any changes you make will be reflected in active user databases instantly or within a reasonable period of time, we may retain all information you submit for backups, archiving, prevention of fraud and abuse, analytic, satisfaction of legal obligations, or where we otherwise reasonably believe that we have a legitimate reason to do so<br>You may decline to share certain personal data with us, in which case we may not be able to provide to you some of the features and functionality of the Service.<br>At any time, you may object to the processing of your personal data, on legitimate grounds except if otherwise permitted by applicable law.<\/p><h1 class=\"wp-block-heading\">Intended use of personal data<\/h1><p>Unless you want to use advanced features in applications, we do not require any form of registration, allowing you to use the application without telling us who you are.<\/p><p>However some services do require you to provide us with personal data.<\/p><p>In these situations, if you choose to withhold any personal data request by us, it may not not be possible for you to gain access to certain parts of the application and for us to respond to your query.<\/p><h1 class=\"wp-block-heading\">How we use the information we collect<\/h1><p>We use the information that we collect in a variety of ways in providing the service and operating our business.<\/p><p>Including the following operations:<br>&#8211; Maintain, enhance and provide all features of the service, to provide the services and information that you request,<br>to respond to comments and questions and to provide support to users of the service we process client data solely in accordance with the directions provided by the applicable client or user improvements.<br>&#8211; We may use a visitor or user email address or other information&nbsp;<strong>other than client data<\/strong>&nbsp;to contact that visitor or user for administrative purposes such as customer service,<br>to address intellectual property infringement, right of privacy violations or defamation issues related to the client data or personal data posted on the service.<\/p><p><em><strong>Latest update: April 24, 2018.<\/strong><\/em><\/p>","protected":false},"excerpt":{"rendered":"<p>DSALUD TU GU\u00cdA M\u00c9DICA aplicaci\u00f3n Esta aplicaci\u00f3n recoge algunos datos personales de sus usuarios. Controlador de datos y propietario Tipos de datos recolectadosEntre los tipos de datos personales que esta aplicaci\u00f3n recopila, por s\u00ed mismo o a trav\u00e9s de terceros, se encuentran: posici\u00f3n geogr\u00e1fica, datos de cookies y uso. Otros datos personales recopilados se pueden &hellip;<\/p>\n<p class=\"read-more\"> <a class=\"\" href=\"https:\/\/dsalud.app\/cupones\/politica-de-privacidad\/\"> <span class=\"screen-reader-text\">Pol\u00edtica de privacidad<\/span> Leer m\u00e1s &raquo;<\/a><\/p>\n","protected":false},"author":1,"featured_media":0,"parent":0,"menu_order":0,"comment_status":"closed","ping_status":"closed","template":"","meta":{"site-sidebar-layout":"default","site-content-layout":"default","ast-main-header-display":"","ast-hfb-above-header-display":"","ast-hfb-below-header-display":"","ast-hfb-mobile-header-display":"","site-post-title":"","ast-breadcrumbs-content":"","ast-featured-img":"","footer-sml-layout":"","theme-transparent-header-meta":"","adv-header-id-meta":"","stick-header-meta":"","header-above-stick-meta":"","header-main-stick-meta":"","header-below-stick-meta":"","footnotes":""},"class_list":["post-3649","page","type-page","status-publish","hentry"],"_links":{"self":[{"href":"https:\/\/dsalud.app\/cupones\/wp-json\/wp\/v2\/pages\/3649","targetHints":{"allow":["GET"]}}],"collection":[{"href":"https:\/\/dsalud.app\/cupones\/wp-json\/wp\/v2\/pages"}],"about":[{"href":"https:\/\/dsalud.app\/cupones\/wp-json\/wp\/v2\/types\/page"}],"author":[{"embeddable":true,"href":"https:\/\/dsalud.app\/cupones\/wp-json\/wp\/v2\/users\/1"}],"replies":[{"embeddable":true,"href":"https:\/\/dsalud.app\/cupones\/wp-json\/wp\/v2\/comments?post=3649"}],"version-history":[{"count":1,"href":"https:\/\/dsalud.app\/cupones\/wp-json\/wp\/v2\/pages\/3649\/revisions"}],"predecessor-version":[{"id":3650,"href":"https:\/\/dsalud.app\/cupones\/wp-json\/wp\/v2\/pages\/3649\/revisions\/3650"}],"wp:attachment":[{"href":"https:\/\/dsalud.app\/cupones\/wp-json\/wp\/v2\/media?parent=3649"}],"curies":[{"name":"wp","href":"https:\/\/api.w.org\/{rel}","templated":true}]}}